{"id":577,"date":"2017-03-05T18:53:51","date_gmt":"2017-03-05T18:53:51","guid":{"rendered":"http:\/\/localhost\/wordpress\/?page_id=577"},"modified":"2026-04-07T12:13:29","modified_gmt":"2026-04-07T11:13:29","slug":"quienes-somos","status":"publish","type":"page","link":"https:\/\/clubmostolestenis.es\/index.php\/quienes-somos\/","title":{"rendered":"\u00bfQui\u00e9nes somos?"},"content":{"rendered":"<p style=\"text-align: center;\"><img loading=\"lazy\" decoding=\"async\" class=\"alignnone size-full wp-image-520\" src=\"http:\/\/localhost\/wordpress\/wp-content\/uploads\/2017\/02\/cropped-LogoModificado.png\" alt=\"\" width=\"200\" height=\"195\" srcset=\"https:\/\/clubmostolestenis.es\/wp-content\/uploads\/2017\/02\/cropped-LogoModificado.png 200w, https:\/\/clubmostolestenis.es\/wp-content\/uploads\/2017\/02\/cropped-LogoModificado-100x98.png 100w\" sizes=\"auto, (max-width: 200px) 100vw, 200px\" \/><\/p>\n<p>Club M\u00f3stoles\u00a0 nace de una asociaci\u00f3n dependiente del extinguido patronato de cultura y deporte del Ayuntamiento de M\u00f3stoles.\u00a0 Son unos padres con inquietudes por el tenis los que deciden fundar en 1.989 El Club M\u00f3stoles Tenis.<\/p>\n<p>Comienza sus pasos en las pistas del Soto,\u00a0 con un equipo compitiendo en la liga juvenil. En el a\u00f1o 1.992, debido al auge que empieza a tener el tenis, el Club empieza a crecer y se amplia a dos equipos la participaci\u00f3n\u00a0 en la liga de Madrid. Este crecimiento hizo que se tuviera que contratar a m\u00e1s profesores, ampliar el n\u00ba de horas de entrenamiento\u00a0 y por tanto un mayor esfuerzo econ\u00f3mico de los que por aquel entonces formaban Club M\u00f3stoles Tenis.<\/p>\n<p>En 1.993, a petici\u00f3n propia de Juan Medina, cofundador del Club y por aquel entonces, Presidente, monitor y organizador, se elige una nueva Junta Directiva,\u00a0 que por primera vez comenzar\u00e1 con sus funciones propias, desligando la representaci\u00f3n\u00a0 y negociaci\u00f3n con estamentos y sitios oficiales de la parte t\u00e9cnica.<\/p>\n<p>En realidad fueron unos comienzos dif\u00edciles pero encomiables e ilusionantes en cuanto a entrega de todos los componentes \u00a0del club para ir creciendo tanto en calidad como en cantidad.<\/p>\n<p>Por fin en el a\u00f1o 1.994, y debido al mal\u00edsimo estado en que se encontraban las pistas del Soto, conseguimos, tras arduas negociaciones con la Concejal\u00eda de deportes y la oposici\u00f3n de algunos elementos externos, trasladarnos al actual polideportivo de <strong>Villa Fontana.<\/strong><\/p>\n<p>Es a partir de ese momento cuando el Club verdaderamente poco a poco comienza a despegar y ha tener un cierto reconocimiento al menos en la zona sur de nuestra Comunidad, durante esos a\u00f1os se intenta estar presente en cuantas competiciones organiza la federaci\u00f3n y nuestro potencial humano nos permite.<\/p>\n<p>En las temporadas 95\/96 y 98\/99, conseguimos que nuestros equipos asciendan a 2\u00aa divisi\u00f3n.<\/p>\n<p>En el a\u00f1o 1.996, se celebra el primer trofeo de tenis \u00b4\u00b4<strong>VILLA DE M\u00d3STOLES<\/strong>\u00ab\u00a0 fue una apuesta arriesgada de los directivos de aquella \u00e9poca, entre ellos Miguel Puerta, Miguel Caballero, Pedro de las Heras y Carlos D\u00edaz.<\/p>\n<p>Fue el primer torneo que hizo como juez arbitro Julio Nieto (presidente de club M\u00f3stoles tenis, desde el 2000 a Marzo 2005, fecha en la que fallece jugando al tenis en nuestras pistas).<\/p>\n<p>Fue tan exitosa\u00a0 la organizaci\u00f3n y ejecuci\u00f3n del torneo en tiempo record, que fue el germen que prendi\u00f3 para seguir a\u00f1o tras a\u00f1o celebrando cada vez\u00a0 torneos m\u00e1s importantes.\u00a0 Este fue el origen del actual torneo Ciudad de M\u00f3stoles \u00b4\u00b4Memorial Julio Nieto\u00ab.<\/p>\n<p>En el a\u00f1o 1.999, se creo el circuito de tenis Siglo XXI, como colof\u00f3n de los jugadores mejor clasificados en los torneos m\u00e1s importantes\u00a0 de nuestra Comunidad.<\/p>\n<p>Es importante destacar, como nuestro Club fue pieza clave en el nacimiento de este circuito, ya que de alguna manera la inspiraci\u00f3n o un poco el modelo se tomo del \u00b4\u00b4 Master del Sur\u00ab torneo que se organizaba en el mes de Julio, por los Clubs, Alborada de Legan\u00e9s, Villa de Getafe y M\u00f3stoles tenis, con el mismo criterio de clasificaci\u00f3n\u00a0 para participar que se sigue en el Circuito y que cada a\u00f1o organizaba cada uno de los Clubs.<\/p>\n<p>En el a\u00f1o 1.998 se crea por primera vez el equipo de veteranos del Club, bajo el encomiable trabajo de Pablo Berrinches, en dicho a\u00f1o se comenz\u00f3 a competir en la liga de la Federaci\u00f3n y en ese mismo a\u00f1o se consigue tras a\u00f1os de reivindicaciones ante la Concejal\u00eda de Deportes, tener nuestra propia escuela de base, pieza fundamental para el crecimiento del Club sin tener que depender de terceros.<\/p>\n<p>Todo este trabajo realizado durante los \u00faltimos 20 a\u00f1os,\u00a0 por las personas que han formado parte de nuestro club, es lo que ha hecho que hoy d\u00eda tengamos un club , con mas de 200 licencias, 3 equipos en liga Juvenil, equipos en categor\u00eda absoluta masculina y femenina, y dos equipos de veteranos participando en la liga de Madrid.<\/p>\n<p>Y que contemos con el reconocimiento nacional e internacional, de estar realizando un gran torneo de car\u00e1cter nacional como es el actual Torneo ciudad de M\u00f3stoles\u00a0 \u00b4\u00b4Memorial Julio Nieto\u00ab \u00a0y el actual Torneo ITF (torneo dotado con 15.000 $ en premios).<\/p>\n<p>Queremos desde aqu\u00ed agradecer esta informaci\u00f3n, que es la historia de nuestro club, y que ha sido proporcionada por <strong>Carlos D\u00edaz Ace\u00f1a<\/strong>, miembro de Club M\u00f3stoles Tenis\u00a0 y que fue presidente\u00a0 durante el periodo 1993 hasta el 2.000.<\/p>\n","protected":false},"excerpt":{"rendered":"<p>Club M\u00f3stoles\u00a0 nace de una asociaci\u00f3n dependiente del extinguido patronato [&hellip;]<\/p>\n","protected":false},"author":1,"featured_media":669,"parent":0,"menu_order":0,"comment_status":"closed","ping_status":"closed","template":"page-templates\/single-project.php","meta":{"ngg_post_thumbnail":0,"footnotes":""},"class_list":["post-577","page","type-page","status-publish","has-post-thumbnail","hentry","clearfix"],"_links":{"self":[{"href":"https:\/\/clubmostolestenis.es\/index.php\/wp-json\/wp\/v2\/pages\/577","targetHints":{"allow":["GET"]}}],"collection":[{"href":"https:\/\/clubmostolestenis.es\/index.php\/wp-json\/wp\/v2\/pages"}],"about":[{"href":"https:\/\/clubmostolestenis.es\/index.php\/wp-json\/wp\/v2\/types\/page"}],"author":[{"embeddable":true,"href":"https:\/\/clubmostolestenis.es\/index.php\/wp-json\/wp\/v2\/users\/1"}],"replies":[{"embeddable":true,"href":"https:\/\/clubmostolestenis.es\/index.php\/wp-json\/wp\/v2\/comments?post=577"}],"version-history":[{"count":2,"href":"https:\/\/clubmostolestenis.es\/index.php\/wp-json\/wp\/v2\/pages\/577\/revisions"}],"predecessor-version":[{"id":625,"href":"https:\/\/clubmostolestenis.es\/index.php\/wp-json\/wp\/v2\/pages\/577\/revisions\/625"}],"wp:featuredmedia":[{"embeddable":true,"href":"https:\/\/clubmostolestenis.es\/index.php\/wp-json\/wp\/v2\/media\/669"}],"wp:attachment":[{"href":"https:\/\/clubmostolestenis.es\/index.php\/wp-json\/wp\/v2\/media?parent=577"}],"curies":[{"name":"wp","href":"https:\/\/api.w.org\/{rel}","templated":true}]}}